{"id":23477,"date":"2026-02-13T12:19:17","date_gmt":"2026-02-13T12:19:17","guid":{"rendered":"https:\/\/xplusglobal.com\/?page_id=23477"},"modified":"2026-02-13T12:19:17","modified_gmt":"2026-02-13T12:19:17","slug":"skontaktuj-sie-z-nami-ksef","status":"publish","type":"page","link":"https:\/\/xplusglobal.com\/pl\/skontaktuj-sie-z-nami-ksef\/","title":{"rendered":"Skontaktuj si\u0119 z nami &#8211; KSeF"},"content":{"rendered":"\t\t<div data-elementor-type=\"wp-page\" data-elementor-id=\"23477\" class=\"elementor elementor-23477\" data-elementor-post-type=\"page\">\n\t\t\t\t<div class=\"elementor-element elementor-element-690dc1c5 e-flex e-con-boxed e-con e-parent\" data-id=\"690dc1c5\" data-element_type=\"container\">\n\t\t\t\t\t<div class=\"e-con-inner\">\n\t\t<div class=\"elementor-element elementor-element-85945fa e-con-full e-flex e-con e-child\" data-id=\"85945fa\" data-element_type=\"container\">\n\t\t\t\t<div class=\"elementor-element elementor-element-521a561b elementor-widget elementor-widget-text-editor\" data-id=\"521a561b\" data-element_type=\"widget\" data-widget_type=\"text-editor.default\">\n\t\t\t\t\t\t\t\t\t<p>Skontaktuj si\u0119 z nami<\/p>\t\t\t\t\t\t\t\t<\/div>\n\t\t\t\t<div class=\"elementor-element elementor-element-464b977f elementor-widget-mobile__width-initial elementor-widget elementor-widget-heading\" data-id=\"464b977f\" data-element_type=\"widget\" data-widget_type=\"heading.default\">\n\t\t\t\t\t<h1 class=\"elementor-heading-title elementor-size-default\">Porozmawiaj z ekspertem XPLUS<\/h1>\t\t\t\t<\/div>\n\t\t\t\t<div class=\"elementor-element elementor-element-31158857 elementor-widget-tablet__width-initial elementor-widget elementor-widget-text-editor\" data-id=\"31158857\" data-element_type=\"widget\" data-widget_type=\"text-editor.default\">\n\t\t\t\t\t\t\t\t\t<p>Om\u00f3w swoje potrzeby i zyskaj wi\u0119ksz\u0105 przejrzysto\u015b\u0107, kontrol\u0119 oraz pewno\u015b\u0107 w zarz\u0105dzaniu swoim biznesem.<\/p>\t\t\t\t\t\t\t\t<\/div>\n\t\t<div class=\"elementor-element elementor-element-615626f e-grid e-con-full e-con e-child\" data-id=\"615626f\" data-element_type=\"container\">\n\t\t\t\t<div class=\"elementor-element elementor-element-25b5885 elementor-widget__width-initial elementor-widget elementor-widget-shortcode\" data-id=\"25b5885\" data-element_type=\"widget\" data-widget_type=\"shortcode.default\">\n\t\t\t\t\t\t\t<div class=\"elementor-shortcode\">\n\t\t\t\t\t\t<script>\n\t\t\t\t\t\t\twindow.hsFormsOnReady = window.hsFormsOnReady || [];\n\t\t\t\t\t\t\twindow.hsFormsOnReady.push(()=>{\n\t\t\t\t\t\t\t\thbspt.forms.create({\n\t\t\t\t\t\t\t\t\tportalId: 8088573,\n\t\t\t\t\t\t\t\t\tformId: \"44f49dde-69a2-4010-b1e0-e0425b9a1460\",\n\t\t\t\t\t\t\t\t\ttarget: \"#hbspt-form-1775693310000-9450583446\",\n\t\t\t\t\t\t\t\t\tregion: \"na1\",\n\t\t\t\t\t\t\t\t\t\n\t\t\t\t\t\t\t})});\n\t\t\t\t\t\t<\/script>\n\t\t\t\t\t\t<div class=\"hbspt-form\" id=\"hbspt-form-1775693310000-9450583446\"><\/div><\/div>\n\t\t\t\t\t\t<\/div>\n\t\t\t\t<\/div>\n\t\t\t\t<\/div>\n\t\t\t\t<div class=\"elementor-element elementor-element-be4568b elementor-hidden-tablet elementor-hidden-mobile elementor-widget elementor-widget-image\" data-id=\"be4568b\" data-element_type=\"widget\" data-widget_type=\"image.default\">\n\t\t\t\t\t\t\t\t\t\t\t\t\t\t\t<img fetchpriority=\"high\" decoding=\"async\" width=\"1156\" height=\"1037\" src=\"https:\/\/xplusglobal.com\/wp-content\/uploads\/2025\/12\/contact-us-hero-e1765139817473.png\" class=\"attachment-full size-full wp-image-23159\" alt=\"Konsultanci XPLUS wsp\u00f3\u0142pracuj\u0105cy z klientami podczas spotkania w biurze\" srcset=\"https:\/\/xplusglobal.com\/wp-content\/uploads\/2025\/12\/contact-us-hero-e1765139817473.png 1156w, https:\/\/xplusglobal.com\/wp-content\/uploads\/2025\/12\/contact-us-hero-e1765139817473-300x269.png 300w, https:\/\/xplusglobal.com\/wp-content\/uploads\/2025\/12\/contact-us-hero-e1765139817473-1024x919.png 1024w, https:\/\/xplusglobal.com\/wp-content\/uploads\/2025\/12\/contact-us-hero-e1765139817473-768x689.png 768w\" sizes=\"(max-width: 1156px) 100vw, 1156px\" \/>\t\t\t\t\t\t\t\t\t\t\t\t\t\t\t<\/div>\n\t\t\t\t\t<\/div>\n\t\t\t\t<\/div>\n\t\t\t\t<\/div>\n\t\t","protected":false},"excerpt":{"rendered":"<p>Skontaktuj si\u0119 z nami i sprawd\u017a, jak mo\u017cesz zyska\u0107 wi\u0119ksz\u0105 kontrol\u0119, przejrzysto\u015b\u0107 i pewno\u015b\u0107 dzia\u0142ania w swoich systemach biznesowych.<\/p>\n","protected":false},"author":10,"featured_media":23159,"parent":0,"menu_order":0,"comment_status":"closed","ping_status":"closed","template":"","meta":{"_acf_changed":false,"content-type":"","footnotes":""},"class_list":["post-23477","page","type-page","status-publish","has-post-thumbnail","hentry"],"acf":[],"_links":{"self":[{"href":"https:\/\/xplusglobal.com\/pl\/wp-json\/wp\/v2\/pages\/23477","targetHints":{"allow":["GET"]}}],"collection":[{"href":"https:\/\/xplusglobal.com\/pl\/wp-json\/wp\/v2\/pages"}],"about":[{"href":"https:\/\/xplusglobal.com\/pl\/wp-json\/wp\/v2\/types\/page"}],"author":[{"embeddable":true,"href":"https:\/\/xplusglobal.com\/pl\/wp-json\/wp\/v2\/users\/10"}],"replies":[{"embeddable":true,"href":"https:\/\/xplusglobal.com\/pl\/wp-json\/wp\/v2\/comments?post=23477"}],"version-history":[{"count":4,"href":"https:\/\/xplusglobal.com\/pl\/wp-json\/wp\/v2\/pages\/23477\/revisions"}],"predecessor-version":[{"id":23482,"href":"https:\/\/xplusglobal.com\/pl\/wp-json\/wp\/v2\/pages\/23477\/revisions\/23482"}],"wp:featuredmedia":[{"embeddable":true,"href":"https:\/\/xplusglobal.com\/pl\/wp-json\/wp\/v2\/media\/23159"}],"wp:attachment":[{"href":"https:\/\/xplusglobal.com\/pl\/wp-json\/wp\/v2\/media?parent=23477"}],"curies":[{"name":"wp","href":"https:\/\/api.w.org\/{rel}","templated":true}]}}