{"id":23196,"date":"2025-12-02T22:31:00","date_gmt":"2025-12-02T22:31:00","guid":{"rendered":"https:\/\/xplusglobal.com\/?page_id=23196"},"modified":"2026-02-18T14:04:02","modified_gmt":"2026-02-18T14:04:02","slug":"skontaktuj-sie-z-nami","status":"publish","type":"page","link":"https:\/\/xplusglobal.com\/pl\/skontaktuj-sie-z-nami\/","title":{"rendered":"Skontaktuj si\u0119 z nami"},"content":{"rendered":"\t\t<div data-elementor-type=\"wp-page\" data-elementor-id=\"23196\" class=\"elementor elementor-23196 elementor-551\" data-elementor-post-type=\"page\">\n\t\t\t\t<div class=\"elementor-element elementor-element-690dc1c5 e-flex e-con-boxed e-con e-parent\" data-id=\"690dc1c5\" data-element_type=\"container\">\n\t\t\t\t\t<div class=\"e-con-inner\">\n\t\t<div class=\"elementor-element elementor-element-85945fa e-con-full e-flex e-con e-child\" data-id=\"85945fa\" data-element_type=\"container\">\n\t\t\t\t<div class=\"elementor-element elementor-element-521a561b elementor-widget elementor-widget-text-editor\" data-id=\"521a561b\" data-element_type=\"widget\" data-widget_type=\"text-editor.default\">\n\t\t\t\t\t\t\t\t\t<p>Skontaktuj si\u0119 z nami<\/p>\t\t\t\t\t\t\t\t<\/div>\n\t\t\t\t<div class=\"elementor-element elementor-element-464b977f elementor-widget-mobile__width-initial elementor-widget elementor-widget-heading\" data-id=\"464b977f\" data-element_type=\"widget\" data-widget_type=\"heading.default\">\n\t\t\t\t\t<h1 class=\"elementor-heading-title elementor-size-default\">Porozmawiaj z ekspertem XPLUS<\/h1>\t\t\t\t<\/div>\n\t\t\t\t<div class=\"elementor-element elementor-element-31158857 elementor-widget-tablet__width-initial elementor-widget elementor-widget-text-editor\" data-id=\"31158857\" data-element_type=\"widget\" data-widget_type=\"text-editor.default\">\n\t\t\t\t\t\t\t\t\t<p>Om\u00f3w swoje potrzeby i zyskaj wi\u0119ksz\u0105 przejrzysto\u015b\u0107, kontrol\u0119 oraz pewno\u015b\u0107 w zarz\u0105dzaniu swoim biznesem. <\/p>\t\t\t\t\t\t\t\t<\/div>\n\t\t<div class=\"elementor-element elementor-element-615626f e-grid e-con-full e-con e-child\" data-id=\"615626f\" data-element_type=\"container\">\n\t\t\t\t<div class=\"elementor-element elementor-element-25b5885 elementor-widget__width-initial elementor-widget elementor-widget-shortcode\" data-id=\"25b5885\" data-element_type=\"widget\" data-widget_type=\"shortcode.default\">\n\t\t\t\t\t\t\t<div class=\"elementor-shortcode\">\n\t\t\t\t\t\t<script>\n\t\t\t\t\t\t\twindow.hsFormsOnReady = window.hsFormsOnReady || [];\n\t\t\t\t\t\t\twindow.hsFormsOnReady.push(()=>{\n\t\t\t\t\t\t\t\thbspt.forms.create({\n\t\t\t\t\t\t\t\t\tportalId: 8088573,\n\t\t\t\t\t\t\t\t\tformId: \"a32b085f-6b0d-4ae7-9de1-74ce03a7fd33\",\n\t\t\t\t\t\t\t\t\ttarget: \"#hbspt-form-1776222483000-5054655161\",\n\t\t\t\t\t\t\t\t\tregion: \"na1\",\n\t\t\t\t\t\t\t\t\t\n\t\t\t\t\t\t\t})});\n\t\t\t\t\t\t<\/script>\n\t\t\t\t\t\t<div class=\"hbspt-form\" id=\"hbspt-form-1776222483000-5054655161\"><\/div><\/div>\n\t\t\t\t\t\t<\/div>\n\t\t\t\t<\/div>\n\t\t\t\t<\/div>\n\t\t\t\t<div class=\"elementor-element elementor-element-be4568b elementor-hidden-tablet elementor-hidden-mobile elementor-widget elementor-widget-image\" data-id=\"be4568b\" data-element_type=\"widget\" data-widget_type=\"image.default\">\n\t\t\t\t\t\t\t\t\t\t\t\t\t\t\t<img fetchpriority=\"high\" decoding=\"async\" width=\"1156\" height=\"1037\" src=\"https:\/\/xplusglobal.com\/wp-content\/uploads\/2025\/12\/contact-us-hero-e1765139817473.png\" class=\"attachment-full size-full wp-image-23159\" alt=\"Konsultanci XPLUS wsp\u00f3\u0142pracuj\u0105cy z klientami podczas spotkania w biurze\" srcset=\"https:\/\/xplusglobal.com\/wp-content\/uploads\/2025\/12\/contact-us-hero-e1765139817473.png.webp 1156w, https:\/\/xplusglobal.com\/wp-content\/uploads\/2025\/12\/contact-us-hero-e1765139817473-300x269.png.webp 300w, https:\/\/xplusglobal.com\/wp-content\/uploads\/2025\/12\/contact-us-hero-e1765139817473-1024x919.png.webp 1024w, https:\/\/xplusglobal.com\/wp-content\/uploads\/2025\/12\/contact-us-hero-e1765139817473-768x689.png.webp 768w\" sizes=\"(max-width: 1156px) 100vw, 1156px\" \/>\t\t\t\t\t\t\t\t\t\t\t\t\t\t\t<\/div>\n\t\t\t\t\t<\/div>\n\t\t\t\t<\/div>\n\t\t\t\t<\/div>\n\t\t","protected":false},"excerpt":{"rendered":"<p>Skontaktuj si\u0119 z nami i sprawd\u017a, jak mo\u017cesz zyska\u0107 wi\u0119ksz\u0105 kontrol\u0119, przejrzysto\u015b\u0107 i pewno\u015b\u0107 dzia\u0142ania w swoich systemach biznesowych.<\/p>\n","protected":false},"author":11,"featured_media":23159,"parent":0,"menu_order":0,"comment_status":"closed","ping_status":"closed","template":"","meta":{"_acf_changed":false,"content-type":"","footnotes":""},"class_list":["post-23196","page","type-page","status-publish","has-post-thumbnail","hentry"],"acf":[],"_links":{"self":[{"href":"https:\/\/xplusglobal.com\/pl\/wp-json\/wp\/v2\/pages\/23196","targetHints":{"allow":["GET"]}}],"collection":[{"href":"https:\/\/xplusglobal.com\/pl\/wp-json\/wp\/v2\/pages"}],"about":[{"href":"https:\/\/xplusglobal.com\/pl\/wp-json\/wp\/v2\/types\/page"}],"author":[{"embeddable":true,"href":"https:\/\/xplusglobal.com\/pl\/wp-json\/wp\/v2\/users\/11"}],"replies":[{"embeddable":true,"href":"https:\/\/xplusglobal.com\/pl\/wp-json\/wp\/v2\/comments?post=23196"}],"version-history":[{"count":3,"href":"https:\/\/xplusglobal.com\/pl\/wp-json\/wp\/v2\/pages\/23196\/revisions"}],"predecessor-version":[{"id":23200,"href":"https:\/\/xplusglobal.com\/pl\/wp-json\/wp\/v2\/pages\/23196\/revisions\/23200"}],"wp:featuredmedia":[{"embeddable":true,"href":"https:\/\/xplusglobal.com\/pl\/wp-json\/wp\/v2\/media\/23159"}],"wp:attachment":[{"href":"https:\/\/xplusglobal.com\/pl\/wp-json\/wp\/v2\/media?parent=23196"}],"curies":[{"name":"wp","href":"https:\/\/api.w.org\/{rel}","templated":true}]}}