{"id":23193,"date":"2025-12-19T12:47:31","date_gmt":"2025-12-19T12:47:31","guid":{"rendered":"https:\/\/xplusglobal.com\/?page_id=23193"},"modified":"2026-02-18T14:04:22","modified_gmt":"2026-02-18T14:04:22","slug":"umow-sie-na-demo","status":"publish","type":"page","link":"https:\/\/xplusglobal.com\/pl\/umow-sie-na-demo\/","title":{"rendered":"Um\u00f3w si\u0119 na demo"},"content":{"rendered":"\t\t<div data-elementor-type=\"wp-page\" data-elementor-id=\"23193\" class=\"elementor elementor-23193 elementor-17058\" data-elementor-post-type=\"page\">\n\t\t\t\t<div class=\"elementor-element elementor-element-690dc1c5 e-flex e-con-boxed e-con e-parent\" data-id=\"690dc1c5\" data-element_type=\"container\">\n\t\t\t\t\t<div class=\"e-con-inner\">\n\t\t<div class=\"elementor-element elementor-element-85945fa e-con-full e-flex e-con e-child\" data-id=\"85945fa\" data-element_type=\"container\">\n\t\t\t\t<div class=\"elementor-element elementor-element-521a561b elementor-widget elementor-widget-text-editor\" data-id=\"521a561b\" data-element_type=\"widget\" data-widget_type=\"text-editor.default\">\n\t\t\t\t\t\t\t\t\t<p>Um\u00f3w si\u0119 na demo<\/p>\t\t\t\t\t\t\t\t<\/div>\n\t\t\t\t<div class=\"elementor-element elementor-element-464b977f elementor-widget-mobile__width-initial elementor-widget elementor-widget-heading\" data-id=\"464b977f\" data-element_type=\"widget\" data-widget_type=\"heading.default\">\n\t\t\t\t\t<h1 class=\"elementor-heading-title elementor-size-default\">Z ekspertem XPLUS<\/h1>\t\t\t\t<\/div>\n\t\t\t\t<div class=\"elementor-element elementor-element-31158857 elementor-widget elementor-widget-text-editor\" data-id=\"31158857\" data-element_type=\"widget\" data-widget_type=\"text-editor.default\">\n\t\t\t\t\t\t\t\t\t<p>Otrzymaj w pe\u0142ni bezp\u0142atne, spersonalizowane demo. Sprawd\u017a, jak mo\u017cesz zyska\u0107 wi\u0119ksz\u0105 kontrol\u0119, widoczno\u015b\u0107 i efektywno\u015b\u0107. <\/p>\t\t\t\t\t\t\t\t<\/div>\n\t\t<div class=\"elementor-element elementor-element-615626f e-grid e-con-full e-con e-child\" data-id=\"615626f\" data-element_type=\"container\">\n\t\t\t\t<div class=\"elementor-element elementor-element-25b5885 elementor-widget elementor-widget-shortcode\" data-id=\"25b5885\" data-element_type=\"widget\" data-widget_type=\"shortcode.default\">\n\t\t\t\t\t\t\t<div class=\"elementor-shortcode\">\n\t\t\t\t\t\t<script>\n\t\t\t\t\t\t\twindow.hsFormsOnReady = window.hsFormsOnReady || [];\n\t\t\t\t\t\t\twindow.hsFormsOnReady.push(()=>{\n\t\t\t\t\t\t\t\thbspt.forms.create({\n\t\t\t\t\t\t\t\t\tportalId: 8088573,\n\t\t\t\t\t\t\t\t\tformId: \"51d28dd9-3168-4eba-9781-e693f3fe6fcc\",\n\t\t\t\t\t\t\t\t\ttarget: \"#hbspt-form-1776796078000-1136288949\",\n\t\t\t\t\t\t\t\t\tregion: \"na1\",\n\t\t\t\t\t\t\t\t\t\n\t\t\t\t\t\t\t})});\n\t\t\t\t\t\t<\/script>\n\t\t\t\t\t\t<div class=\"hbspt-form\" id=\"hbspt-form-1776796078000-1136288949\"><\/div><\/div>\n\t\t\t\t\t\t<\/div>\n\t\t\t\t<\/div>\n\t\t\t\t<\/div>\n\t\t\t\t<div class=\"elementor-element elementor-element-be4568b elementor-hidden-tablet elementor-hidden-mobile elementor-widget elementor-widget-image\" data-id=\"be4568b\" data-element_type=\"widget\" data-widget_type=\"image.default\">\n\t\t\t\t\t\t\t\t\t\t\t\t\t\t\t<img decoding=\"async\" src=\"https:\/\/xplusglobal.com\/wp-content\/uploads\/2025\/12\/contact-us-hero-e1765139817473.png\" title=\"skontaktuj-sie-z-nami-hero\" alt=\"Konsultanci XPLUS wsp\u00f3\u0142pracuj\u0105cy z klientami podczas spotkania w biurze\" loading=\"lazy\" \/>\t\t\t\t\t\t\t\t\t\t\t\t\t\t\t<\/div>\n\t\t\t\t\t<\/div>\n\t\t\t\t<\/div>\n\t\t\t\t<\/div>\n\t\t","protected":false},"excerpt":{"rendered":"<p>Skontaktuj si\u0119 z nami i sprawd\u017a, jak mo\u017cesz zyska\u0107 wi\u0119ksz\u0105 kontrol\u0119, przejrzysto\u015b\u0107 i pewno\u015b\u0107 dzia\u0142ania w swoich systemach biznesowych.<\/p>\n","protected":false},"author":12,"featured_media":23159,"parent":0,"menu_order":0,"comment_status":"closed","ping_status":"closed","template":"","meta":{"_acf_changed":false,"content-type":"","footnotes":""},"class_list":["post-23193","page","type-page","status-publish","has-post-thumbnail","hentry"],"acf":[],"_links":{"self":[{"href":"https:\/\/xplusglobal.com\/pl\/wp-json\/wp\/v2\/pages\/23193","targetHints":{"allow":["GET"]}}],"collection":[{"href":"https:\/\/xplusglobal.com\/pl\/wp-json\/wp\/v2\/pages"}],"about":[{"href":"https:\/\/xplusglobal.com\/pl\/wp-json\/wp\/v2\/types\/page"}],"author":[{"embeddable":true,"href":"https:\/\/xplusglobal.com\/pl\/wp-json\/wp\/v2\/users\/12"}],"replies":[{"embeddable":true,"href":"https:\/\/xplusglobal.com\/pl\/wp-json\/wp\/v2\/comments?post=23193"}],"version-history":[{"count":1,"href":"https:\/\/xplusglobal.com\/pl\/wp-json\/wp\/v2\/pages\/23193\/revisions"}],"predecessor-version":[{"id":23194,"href":"https:\/\/xplusglobal.com\/pl\/wp-json\/wp\/v2\/pages\/23193\/revisions\/23194"}],"wp:featuredmedia":[{"embeddable":true,"href":"https:\/\/xplusglobal.com\/pl\/wp-json\/wp\/v2\/media\/23159"}],"wp:attachment":[{"href":"https:\/\/xplusglobal.com\/pl\/wp-json\/wp\/v2\/media?parent=23193"}],"curies":[{"name":"wp","href":"https:\/\/api.w.org\/{rel}","templated":true}]}}